{"id":1335,"date":"2025-06-23T11:34:12","date_gmt":"2025-06-23T11:34:12","guid":{"rendered":"https:\/\/pro-solution.md\/about\/"},"modified":"2025-06-24T10:41:23","modified_gmt":"2025-06-24T10:41:23","slug":"politica-de-confidentialitate","status":"publish","type":"page","link":"https:\/\/pro-solution.md\/it\/politica-de-confidentialitate\/","title":{"rendered":"Informativa sulla privacy"},"content":{"rendered":"\t\t<div data-elementor-type=\"wp-post\" data-elementor-id=\"1335\" class=\"elementor elementor-1335\">\n\t\t\t\t<div class=\"elementor-element elementor-element-dac0d00 e-flex e-con-boxed e-con e-parent\" data-id=\"dac0d00\" data-element_type=\"container\" data-e-type=\"container\" data-settings=\"{&quot;background_background&quot;:&quot;classic&quot;}\">\n\t\t\t\t\t<div class=\"e-con-inner\">\n\t\t<div class=\"elementor-element elementor-element-bfb77f4 e-con-full e-flex e-con e-child\" data-id=\"bfb77f4\" data-element_type=\"container\" data-e-type=\"container\">\n\t\t\t\t<div class=\"elementor-element elementor-element-01f162c elementor-widget elementor-widget-heading\" data-id=\"01f162c\" data-element_type=\"widget\" data-e-type=\"widget\" data-widget_type=\"heading.default\">\n\t\t\t\t<div class=\"elementor-widget-container\">\n\t\t\t\t\t<h1 class=\"elementor-heading-title elementor-size-default\">Politica de confiden\u021bialitate<\/h1>\t\t\t\t<\/div>\n\t\t\t\t<\/div>\n\t\t\t\t<\/div>\n\t\t\t\t\t<\/div>\n\t\t\t\t<\/div>\n\t\t<div class=\"elementor-element elementor-element-fa51811 e-flex e-con-boxed e-con e-parent\" data-id=\"fa51811\" data-element_type=\"container\" data-e-type=\"container\" data-settings=\"{&quot;background_background&quot;:&quot;classic&quot;}\">\n\t\t\t\t\t<div class=\"e-con-inner\">\n\t\t<div class=\"elementor-element elementor-element-0d44a3a e-con-full e-flex e-con e-child\" data-id=\"0d44a3a\" data-element_type=\"container\" data-e-type=\"container\">\n\t\t\t\t<div class=\"elementor-element elementor-element-4519751 elementor-widget elementor-widget-heading\" data-id=\"4519751\" data-element_type=\"widget\" data-e-type=\"widget\" data-widget_type=\"heading.default\">\n\t\t\t\t<div class=\"elementor-widget-container\">\n\t\t\t\t\t<h2 class=\"elementor-heading-title elementor-size-default\">Politica de Confiden\u021bialitate<\/h2>\t\t\t\t<\/div>\n\t\t\t\t<\/div>\n\t\t\t\t<div class=\"elementor-element elementor-element-f14d19c elementor-widget elementor-widget-text-editor\" data-id=\"f14d19c\" data-element_type=\"widget\" data-e-type=\"widget\" data-widget_type=\"text-editor.default\">\n\t\t\t\t<div class=\"elementor-widget-container\">\n\t\t\t\t\t\t\t\t\t<p><b>1. Introducere<\/b> Prezenta Politic\u0103 de Confiden\u021bialitate descrie modul \u00een care \u201ePRO-SOLUTION\u201d SRL (denumit\u0103 \u00een continuare &#8222;Compania&#8221;), \u00een calitate de operator de date, colecteaz\u0103, utilizeaz\u0103 \u0219i protejeaz\u0103 datele dumneavoastr\u0103 cu caracter personal la accesarea site-ului [adresa site-ului]. Protec\u021bia datelor dumneavoastr\u0103 este o prioritate pentru noi \u0219i ne angaj\u0103m s\u0103 respect\u0103m prevederile legisla\u021biei \u00een vigoare, inclusiv Legea nr. 133\/2011 privind protec\u021bia datelor cu caracter personal.<\/p><p><b>2. Datele Colectate<\/b> Colect\u0103m urm\u0103toarele tipuri de date:<\/p><ul><li><p><b>Date furnizate voluntar:<\/b> Informa\u021bii pe care le trimite\u021bi prin formularul de contact (nume, e-mail, telefon, mesaj etc.) sau prin alte mijloace de comunicare.<\/p><\/li><li><p><b>Date colectate automat:<\/b> La vizitarea site-ului, serverele noastre pot \u00eenregistra automat informa\u021bii tehnice, precum adresa IP, tipul browserului, sistemul de operare, paginile vizitate \u0219i ora acces\u0103rii. Aceste date sunt utilizate pentru analiza traficului \u0219i \u00eembun\u0103t\u0103\u021birea experien\u021bei pe site. Folosim fi\u0219iere de tip cookie pentru a personaliza con\u021binutul \u0219i a facilita navigarea.<\/p><\/li><\/ul><p><b>3. Scopul Prelucr\u0103rii Datelor<\/b> Utiliz\u0103m datele dumneavoastr\u0103 exclusiv \u00een urm\u0103toarele scopuri:<\/p><ul><li><p>Pentru a r\u0103spunde solicit\u0103rilor \u0219i \u00eentreb\u0103rilor dumneavoastr\u0103;<\/p><\/li><li><p>Pentru a furniza serviciile juridice contractate;<\/p><\/li><li><p>Pentru a \u00eembun\u0103t\u0103\u021bi func\u021bionalitatea \u0219i securitatea site-ului nostru;<\/p><\/li><li><p>Pentru a \u00eendeplini obliga\u021biile legale care ne revin.<\/p><\/li><\/ul><p><b>4. Perioada de Stocare<\/b> Datele dumneavoastr\u0103 vor fi stocate pe o perioad\u0103 necesar\u0103 \u00eendeplinirii scopurilor pentru care au fost colectate, dar nu mai mult dec\u00e2t o perioad\u0103 de 3 ani de la ultima interac\u021biune, cu excep\u021bia cazurilor \u00een care legisla\u021bia impune o perioad\u0103 de arhivare mai lung\u0103.<\/p><p><b>5. Drepturile Dumneavoastr\u0103<\/b> Conform legisla\u021biei, beneficia\u021bi de urm\u0103toarele drepturi:<\/p><ul><li><p><b>Dreptul la informare \u0219i acces:<\/b> Pute\u021bi solicita informa\u021bii privind activit\u0103\u021bile de prelucrare a datelor dumneavoastr\u0103.<\/p><\/li><li><p><b>Dreptul la rectificare:<\/b> Pute\u021bi solicita corectarea sau completarea datelor <span class=\"citation-53 citation-end-53\">inexacte sau incomplete.<\/span><\/p><\/li><li><p><b><span class=\"citation-52\">Dreptul la \u0219tergerea datelor (&#8222;dreptul de a fi uitat&#8221;):<\/span><\/b><span class=\"citation-52 citation-end-52\"> Pute\u021bi ob\u021bine \u0219tergerea datelor, \u00een anumite condi\u021bii.<\/span><\/p><\/li><li><p><b><span class=\"citation-51\">Dreptul la restric\u021bionarea prelucr\u0103rii:<\/span><\/b><span class=\"citation-51 citation-end-51\"> Pute\u021bi solicita restric\u021bionarea prelucr\u0103<\/span>rii datelor.<\/p><\/li><\/ul><p>Pentru exercitarea acestor drepturi sau pentru orice nel\u0103murire, v\u0103 rug\u0103m s\u0103 ne contacta\u021bi la adresa de e-mail: [adresa de e-mail].<\/p><p><b>6. Divulgarea Datelor c\u0103tre Ter\u021bi<\/b> Compania nu va transmite datele dumneavoastr\u0103 c\u0103tre ter\u021bi, cu excep\u021bia situa\u021biilor \u00een care acest lucru este necesar pentru \u00eendeplinirea obliga\u021biilor legale (ex. autorit\u0103\u021bi publice) sau pentru furnizarea serviciilor (ex. subcontractori, cu acordul dvs.).<\/p>\t\t\t\t\t\t\t\t<\/div>\n\t\t\t\t<\/div>\n\t\t\t\t<\/div>\n\t\t<div class=\"elementor-element elementor-element-0c2efdc e-con-full e-flex e-con e-child\" data-id=\"0c2efdc\" data-element_type=\"container\" data-e-type=\"container\">\n\t\t\t\t<div class=\"elementor-element elementor-element-83f984d elementor-widget elementor-widget-heading\" data-id=\"83f984d\" data-element_type=\"widget\" data-e-type=\"widget\" data-widget_type=\"heading.default\">\n\t\t\t\t<div class=\"elementor-widget-container\">\n\t\t\t\t\t<h2 class=\"elementor-heading-title elementor-size-default\">Declara\u021bie de Declinare a Responsabilit\u0103\u021bii<\/h2>\t\t\t\t<\/div>\n\t\t\t\t<\/div>\n\t\t\t\t<div class=\"elementor-element elementor-element-4e46dd8 elementor-widget elementor-widget-text-editor\" data-id=\"4e46dd8\" data-element_type=\"widget\" data-e-type=\"widget\" data-widget_type=\"text-editor.default\">\n\t\t\t\t<div class=\"elementor-widget-container\">\n\t\t\t\t\t\t\t\t\t<p>Informa\u021biile prezentate pe acest site sunt furnizate \u00een scop general informativ \u0219i nu constituie \u0219i nu trebuie interpretate ca fiind consultan\u021b\u0103 juridic\u0103 sau fiscal\u0103. Compania \u201ePRO-SOLUTION\u201d SRL nu \u00ee\u0219i asum\u0103 nicio r\u0103spundere pentru acurate\u021bea, actualitatea sau integralitatea materialelor publicate \u0219i nici pentru eventualele daune, directe sau indirecte, care ar putea rezulta din utilizarea acestor informa\u021bii.<\/p><p>Orice comunicare ini\u021biat\u0103 prin intermediul acestui site (formular de contact, e-mail) nu stabile\u0219te \u00een mod automat o rela\u021bie de tip companie-client. O astfel de rela\u021bie poate fi creat\u0103 doar \u00een urma \u00eencheierii unui contract de asisten\u021b\u0103 juridic\u0103. Pentru a primi o opinie juridic\u0103 personalizat\u0103, adaptat\u0103 situa\u021biei dumneavoastr\u0103 specifice, v\u0103 rug\u0103m s\u0103 ne contacta\u021bi direct pentru a programa o consulta\u021bie.<\/p><p>Acest site poate con\u021bine linkuri c\u0103tre alte pagini web, care nu se afl\u0103 sub controlul nostru. Nu suntem responsabili pentru con\u021binutul, politicile de confiden\u021bialitate sau practicile acestor site-uri ter\u021be.<\/p><p>Con\u021binutul integral al acestui site, incluz\u00e2nd, dar f\u0103r\u0103 a se limita la texte, logo-uri \u0219i imagini, este protejat de legea drepturilor de autor \u0219i reprezint\u0103 proprietatea intelectual\u0103 a \u201ePRO-SOLUTION\u201d SRL. Reproducerea oric\u0103rui material este interzis\u0103 f\u0103r\u0103 acordul nostru scris prealabil.<\/p><p>Ne rezerv\u0103m dreptul de a modifica, corecta sau actualiza con\u021binutul acestui site \u00een orice moment, f\u0103r\u0103 o notificare prealabil\u0103.<\/p>\t\t\t\t\t\t\t\t<\/div>\n\t\t\t\t<\/div>\n\t\t\t\t<\/div>\n\t\t\t\t\t<\/div>\n\t\t\t\t<\/div>\n\t\t\t\t<\/div>\n\t\t","protected":false},"excerpt":{"rendered":"<p>Politica de confiden\u021bialitate Politica de Confiden\u021bialitate 1. Introducere Prezenta Politic\u0103 de Confiden\u021bialitate descrie modul \u00een care \u201ePRO-SOLUTION\u201d SRL (denumit\u0103 \u00een continuare &#8222;Compania&#8221;), \u00een calitate de operator de date, colecteaz\u0103, utilizeaz\u0103 \u0219i protejeaz\u0103 datele dumneavoastr\u0103 cu caracter personal la accesarea site-ului [adresa site-ului]. Protec\u021bia datelor dumneavoastr\u0103 este o prioritate pentru noi \u0219i ne angaj\u0103m s\u0103 respect\u0103m [&hellip;]<\/p>\n","protected":false},"author":1,"featured_media":0,"parent":0,"menu_order":0,"comment_status":"closed","ping_status":"closed","template":"","meta":{"site-sidebar-layout":"no-sidebar","site-content-layout":"page-builder","ast-site-content-layout":"default","site-content-style":"default","site-sidebar-style":"default","ast-global-header-display":"","ast-banner-title-visibility":"","ast-main-header-display":"","ast-hfb-above-header-display":"","ast-hfb-below-header-display":"","ast-hfb-mobile-header-display":"","site-post-title":"disabled","ast-breadcrumbs-content":"","ast-featured-img":"","footer-sml-layout":"","ast-disable-related-posts":"","theme-transparent-header-meta":"enabled","adv-header-id-meta":"","stick-header-meta":"","header-above-stick-meta":"","header-main-stick-meta":"","header-below-stick-meta":"","astra-migrate-meta-layouts":"default","ast-page-background-enabled":"default","ast-page-background-meta":{"desktop":{"background-color":"","background-image":"","background-repeat":"repeat","background-position":"center center","background-size":"auto","background-attachment":"scroll","background-type":"","background-media":"","overlay-type":"","overlay-color":"","overlay-opacity":"","overlay-gradient":""},"tablet":{"background-color":"","background-image":"","background-repeat":"repeat","background-position":"center center","background-size":"auto","background-attachment":"scroll","background-type":"","background-media":"","overlay-type":"","overlay-color":"","overlay-opacity":"","overlay-gradient":""},"mobile":{"background-color":"","background-image":"","background-repeat":"repeat","background-position":"center center","background-size":"auto","background-attachment":"scroll","background-type":"","background-media":"","overlay-type":"","overlay-color":"","overlay-opacity":"","overlay-gradient":""}},"ast-content-background-meta":{"desktop":{"background-color":"var(--ast-global-color-5)","background-image":"","background-repeat":"repeat","background-position":"center center","background-size":"auto","background-attachment":"scroll","background-type":"","background-media":"","overlay-type":"","overlay-color":"","overlay-opacity":"","overlay-gradient":""},"tablet":{"background-color":"var(--ast-global-color-5)","background-image":"","background-repeat":"repeat","background-position":"center center","background-size":"auto","background-attachment":"scroll","background-type":"","background-media":"","overlay-type":"","overlay-color":"","overlay-opacity":"","overlay-gradient":""},"mobile":{"background-color":"var(--ast-global-color-5)","background-image":"","background-repeat":"repeat","background-position":"center center","background-size":"auto","background-attachment":"scroll","background-type":"","background-media":"","overlay-type":"","overlay-color":"","overlay-opacity":"","overlay-gradient":""}},"footnotes":""},"class_list":["post-1335","page","type-page","status-publish","hentry"],"_links":{"self":[{"href":"https:\/\/pro-solution.md\/it\/wp-json\/wp\/v2\/pages\/1335","targetHints":{"allow":["GET"]}}],"collection":[{"href":"https:\/\/pro-solution.md\/it\/wp-json\/wp\/v2\/pages"}],"about":[{"href":"https:\/\/pro-solution.md\/it\/wp-json\/wp\/v2\/types\/page"}],"author":[{"embeddable":true,"href":"https:\/\/pro-solution.md\/it\/wp-json\/wp\/v2\/users\/1"}],"replies":[{"embeddable":true,"href":"https:\/\/pro-solution.md\/it\/wp-json\/wp\/v2\/comments?post=1335"}],"version-history":[{"count":7,"href":"https:\/\/pro-solution.md\/it\/wp-json\/wp\/v2\/pages\/1335\/revisions"}],"predecessor-version":[{"id":2643,"href":"https:\/\/pro-solution.md\/it\/wp-json\/wp\/v2\/pages\/1335\/revisions\/2643"}],"wp:attachment":[{"href":"https:\/\/pro-solution.md\/it\/wp-json\/wp\/v2\/media?parent=1335"}],"curies":[{"name":"wp","href":"https:\/\/api.w.org\/{rel}","templated":true}]}}